{"id":218,"date":"2025-02-06T08:09:51","date_gmt":"2025-02-06T08:09:51","guid":{"rendered":"https:\/\/aviator-game.cafe\/vi\/?page_id=218"},"modified":"2025-03-28T15:32:45","modified_gmt":"2025-03-28T15:32:45","slug":"app","status":"publish","type":"page","link":"https:\/\/aviator-game.cafe\/vi\/app\/","title":{"rendered":"\u1ee8ng d\u1ee5ng"},"content":{"rendered":"","protected":false},"excerpt":{"rendered":"","protected":false},"author":1,"featured_media":0,"parent":0,"menu_order":5,"comment_status":"closed","ping_status":"closed","template":"","meta":{"footnotes":""},"class_list":["post-218","page","type-page","status-publish","hentry"],"yoast_head":"<!-- This site is optimized with the Yoast SEO plugin v24.3 - https:\/\/yoast.com\/wordpress\/plugins\/seo\/ -->\n<title>\u1ee8ng d\u1ee5ng Aviator\u261b d\u00e0nh cho nh\u1eefng ng\u01b0\u1eddi bi\u1ebft ch\u01a1i tr\u00f2 ch\u01a1i.<\/title>\n<meta name=\"description\" content=\"Nh\u1eefng ng\u01b0\u1eddi h\u00e2m m\u1ed9 tr\u00f2 ch\u01a1i Aviator ch\u1eafc ch\u1eafn s\u1ebd \u0111\u00e1nh gi\u00e1 cao s\u1ef1 ti\u1ec7n l\u1ee3i c\u1ee7a m\u1ed9t \u1ee9ng d\u1ee5ng \u0111\u01b0\u1ee3c thi\u1ebft k\u1ebf \u0111\u1ec3 ch\u01a1i m\u1ed9t c\u00e1ch vui v\u1ebb v\u00e0 \u0111\u1ea1t \u0111\u1ebfn t\u1ea7m cao m\u1edbi.\" \/>\n<meta name=\"robots\" content=\"index, follow, max-snippet:-1, max-image-preview:large, max-video-preview:-1\" \/>\n<meta property=\"og:locale\" content=\"vi_VN\" \/>\n<meta property=\"og:type\" content=\"article\" \/>\n<meta property=\"og:title\" content=\"\u1ee8ng d\u1ee5ng Aviator\u261b d\u00e0nh cho nh\u1eefng ng\u01b0\u1eddi bi\u1ebft ch\u01a1i tr\u00f2 ch\u01a1i.\" \/>\n<meta property=\"og:description\" content=\"Nh\u1eefng ng\u01b0\u1eddi h\u00e2m m\u1ed9 tr\u00f2 ch\u01a1i Aviator ch\u1eafc ch\u1eafn s\u1ebd \u0111\u00e1nh gi\u00e1 cao s\u1ef1 ti\u1ec7n l\u1ee3i c\u1ee7a m\u1ed9t \u1ee9ng d\u1ee5ng \u0111\u01b0\u1ee3c thi\u1ebft k\u1ebf \u0111\u1ec3 ch\u01a1i m\u1ed9t c\u00e1ch vui v\u1ebb v\u00e0 \u0111\u1ea1t \u0111\u1ebfn t\u1ea7m cao m\u1edbi.\" \/>\n<meta property=\"og:url\" content=\"https:\/\/aviator-game.cafe\/vi\/app\/\" \/>\n<meta property=\"og:site_name\" content=\"aviator-game vi\" \/>\n<meta property=\"article:modified_time\" content=\"2025-03-28T15:32:45+00:00\" \/>\n<meta name=\"twitter:card\" content=\"summary_large_image\" \/>\n<script type=\"application\/ld+json\" class=\"yoast-schema-graph\">{\"@context\":\"https:\/\/schema.org\",\"@graph\":[{\"@type\":\"WebPage\",\"@id\":\"https:\/\/aviator-game.cafe\/vi\/app\/\",\"url\":\"https:\/\/aviator-game.cafe\/vi\/app\/\",\"name\":\"\u1ee8ng d\u1ee5ng Aviator\u261b d\u00e0nh cho nh\u1eefng ng\u01b0\u1eddi bi\u1ebft ch\u01a1i tr\u00f2 ch\u01a1i.\",\"isPartOf\":{\"@id\":\"https:\/\/aviator-game.cafe\/vi\/#website\"},\"datePublished\":\"2025-02-06T08:09:51+00:00\",\"dateModified\":\"2025-03-28T15:32:45+00:00\",\"description\":\"Nh\u1eefng ng\u01b0\u1eddi h\u00e2m m\u1ed9 tr\u00f2 ch\u01a1i Aviator ch\u1eafc ch\u1eafn s\u1ebd \u0111\u00e1nh gi\u00e1 cao s\u1ef1 ti\u1ec7n l\u1ee3i c\u1ee7a m\u1ed9t \u1ee9ng d\u1ee5ng \u0111\u01b0\u1ee3c thi\u1ebft k\u1ebf \u0111\u1ec3 ch\u01a1i m\u1ed9t c\u00e1ch vui v\u1ebb v\u00e0 \u0111\u1ea1t \u0111\u1ebfn t\u1ea7m cao m\u1edbi.\",\"breadcrumb\":{\"@id\":\"https:\/\/aviator-game.cafe\/vi\/app\/#breadcrumb\"},\"inLanguage\":\"vi\",\"potentialAction\":[{\"@type\":\"ReadAction\",\"target\":[\"https:\/\/aviator-game.cafe\/vi\/app\/\"]}]},{\"@type\":\"BreadcrumbList\",\"@id\":\"https:\/\/aviator-game.cafe\/vi\/app\/#breadcrumb\",\"itemListElement\":[{\"@type\":\"ListItem\",\"position\":1,\"name\":\"\u0413\u043b\u0430\u0432\u043d\u0430\u044f \u0441\u0442\u0440\u0430\u043d\u0438\u0446\u0430\",\"item\":\"https:\/\/aviator-game.cafe\/vi\/\"},{\"@type\":\"ListItem\",\"position\":2,\"name\":\"\u1ee8ng d\u1ee5ng\"}]},{\"@type\":\"WebSite\",\"@id\":\"https:\/\/aviator-game.cafe\/vi\/#website\",\"url\":\"https:\/\/aviator-game.cafe\/vi\/\",\"name\":\"aviator-game vi\",\"description\":\"My WordPress Blog\",\"potentialAction\":[{\"@type\":\"SearchAction\",\"target\":{\"@type\":\"EntryPoint\",\"urlTemplate\":\"https:\/\/aviator-game.cafe\/vi\/?s={search_term_string}\"},\"query-input\":{\"@type\":\"PropertyValueSpecification\",\"valueRequired\":true,\"valueName\":\"search_term_string\"}}],\"inLanguage\":\"vi\"}]}<\/script>\n<!-- \/ Yoast SEO plugin. -->","yoast_head_json":{"title":"\u1ee8ng d\u1ee5ng Aviator\u261b d\u00e0nh cho nh\u1eefng ng\u01b0\u1eddi bi\u1ebft ch\u01a1i tr\u00f2 ch\u01a1i.","description":"Nh\u1eefng ng\u01b0\u1eddi h\u00e2m m\u1ed9 tr\u00f2 ch\u01a1i Aviator ch\u1eafc ch\u1eafn s\u1ebd \u0111\u00e1nh gi\u00e1 cao s\u1ef1 ti\u1ec7n l\u1ee3i c\u1ee7a m\u1ed9t \u1ee9ng d\u1ee5ng \u0111\u01b0\u1ee3c thi\u1ebft k\u1ebf \u0111\u1ec3 ch\u01a1i m\u1ed9t c\u00e1ch vui v\u1ebb v\u00e0 \u0111\u1ea1t \u0111\u1ebfn t\u1ea7m cao m\u1edbi.","robots":{"index":"index","follow":"follow","max-snippet":"max-snippet:-1","max-image-preview":"max-image-preview:large","max-video-preview":"max-video-preview:-1"},"og_locale":"vi_VN","og_type":"article","og_title":"\u1ee8ng d\u1ee5ng Aviator\u261b d\u00e0nh cho nh\u1eefng ng\u01b0\u1eddi bi\u1ebft ch\u01a1i tr\u00f2 ch\u01a1i.","og_description":"Nh\u1eefng ng\u01b0\u1eddi h\u00e2m m\u1ed9 tr\u00f2 ch\u01a1i Aviator ch\u1eafc ch\u1eafn s\u1ebd \u0111\u00e1nh gi\u00e1 cao s\u1ef1 ti\u1ec7n l\u1ee3i c\u1ee7a m\u1ed9t \u1ee9ng d\u1ee5ng \u0111\u01b0\u1ee3c thi\u1ebft k\u1ebf \u0111\u1ec3 ch\u01a1i m\u1ed9t c\u00e1ch vui v\u1ebb v\u00e0 \u0111\u1ea1t \u0111\u1ebfn t\u1ea7m cao m\u1edbi.","og_url":"https:\/\/aviator-game.cafe\/vi\/app\/","og_site_name":"aviator-game vi","article_modified_time":"2025-03-28T15:32:45+00:00","twitter_card":"summary_large_image","schema":{"@context":"https:\/\/schema.org","@graph":[{"@type":"WebPage","@id":"https:\/\/aviator-game.cafe\/vi\/app\/","url":"https:\/\/aviator-game.cafe\/vi\/app\/","name":"\u1ee8ng d\u1ee5ng Aviator\u261b d\u00e0nh cho nh\u1eefng ng\u01b0\u1eddi bi\u1ebft ch\u01a1i tr\u00f2 ch\u01a1i.","isPartOf":{"@id":"https:\/\/aviator-game.cafe\/vi\/#website"},"datePublished":"2025-02-06T08:09:51+00:00","dateModified":"2025-03-28T15:32:45+00:00","description":"Nh\u1eefng ng\u01b0\u1eddi h\u00e2m m\u1ed9 tr\u00f2 ch\u01a1i Aviator ch\u1eafc ch\u1eafn s\u1ebd \u0111\u00e1nh gi\u00e1 cao s\u1ef1 ti\u1ec7n l\u1ee3i c\u1ee7a m\u1ed9t \u1ee9ng d\u1ee5ng \u0111\u01b0\u1ee3c thi\u1ebft k\u1ebf \u0111\u1ec3 ch\u01a1i m\u1ed9t c\u00e1ch vui v\u1ebb v\u00e0 \u0111\u1ea1t \u0111\u1ebfn t\u1ea7m cao m\u1edbi.","breadcrumb":{"@id":"https:\/\/aviator-game.cafe\/vi\/app\/#breadcrumb"},"inLanguage":"vi","potentialAction":[{"@type":"ReadAction","target":["https:\/\/aviator-game.cafe\/vi\/app\/"]}]},{"@type":"BreadcrumbList","@id":"https:\/\/aviator-game.cafe\/vi\/app\/#breadcrumb","itemListElement":[{"@type":"ListItem","position":1,"name":"\u0413\u043b\u0430\u0432\u043d\u0430\u044f \u0441\u0442\u0440\u0430\u043d\u0438\u0446\u0430","item":"https:\/\/aviator-game.cafe\/vi\/"},{"@type":"ListItem","position":2,"name":"\u1ee8ng d\u1ee5ng"}]},{"@type":"WebSite","@id":"https:\/\/aviator-game.cafe\/vi\/#website","url":"https:\/\/aviator-game.cafe\/vi\/","name":"aviator-game vi","description":"My WordPress Blog","potentialAction":[{"@type":"SearchAction","target":{"@type":"EntryPoint","urlTemplate":"https:\/\/aviator-game.cafe\/vi\/?s={search_term_string}"},"query-input":{"@type":"PropertyValueSpecification","valueRequired":true,"valueName":"search_term_string"}}],"inLanguage":"vi"}]}},"_links":{"self":[{"href":"https:\/\/aviator-game.cafe\/vi\/wp-json\/wp\/v2\/pages\/218","targetHints":{"allow":["GET"]}}],"collection":[{"href":"https:\/\/aviator-game.cafe\/vi\/wp-json\/wp\/v2\/pages"}],"about":[{"href":"https:\/\/aviator-game.cafe\/vi\/wp-json\/wp\/v2\/types\/page"}],"author":[{"embeddable":true,"href":"https:\/\/aviator-game.cafe\/vi\/wp-json\/wp\/v2\/users\/1"}],"replies":[{"embeddable":true,"href":"https:\/\/aviator-game.cafe\/vi\/wp-json\/wp\/v2\/comments?post=218"}],"version-history":[{"count":9,"href":"https:\/\/aviator-game.cafe\/vi\/wp-json\/wp\/v2\/pages\/218\/revisions"}],"predecessor-version":[{"id":283,"href":"https:\/\/aviator-game.cafe\/vi\/wp-json\/wp\/v2\/pages\/218\/revisions\/283"}],"wp:attachment":[{"href":"https:\/\/aviator-game.cafe\/vi\/wp-json\/wp\/v2\/media?parent=218"}],"curies":[{"name":"wp","href":"https:\/\/api.w.org\/{rel}","templated":true}]}}